{"id":58,"date":"2022-02-07T17:29:30","date_gmt":"2022-02-07T16:29:30","guid":{"rendered":"http:\/\/binome-immobilier.com\/?page_id=58"},"modified":"2022-02-14T17:46:53","modified_gmt":"2022-02-14T16:46:53","slug":"contact","status":"publish","type":"page","link":"https:\/\/binome-immobilier.com\/index.php\/contact\/","title":{"rendered":"Contact"},"content":{"rendered":"\t\t<div data-elementor-type=\"wp-page\" data-elementor-id=\"58\" class=\"elementor elementor-58\">\n\t\t\t\t\t\t\t\t\t<section class=\"elementor-section elementor-top-section elementor-element elementor-element-a25f7c3 elementor-section-boxed elementor-section-height-default elementor-section-height-default\" data-id=\"a25f7c3\" data-element_type=\"section\">\n\t\t\t\t\t\t<div class=\"elementor-container elementor-column-gap-default\">\n\t\t\t\t\t<div class=\"elementor-column elementor-col-50 elementor-top-column elementor-element elementor-element-2573289\" data-id=\"2573289\" data-element_type=\"column\">\n\t\t\t<div class=\"elementor-widget-wrap elementor-element-populated\">\n\t\t\t\t\t\t\t\t<div class=\"elementor-element elementor-element-3d7bfb8 elementor-widget elementor-widget-text-editor\" data-id=\"3d7bfb8\" data-element_type=\"widget\" data-widget_type=\"text-editor.default\">\n\t\t\t\t<div class=\"elementor-widget-container\">\n\t\t\t<style>\/*! elementor - v3.6.0 - 21-03-2022 *\/\n.elementor-widget-text-editor.elementor-drop-cap-view-stacked .elementor-drop-cap{background-color:#818a91;color:#fff}.elementor-widget-text-editor.elementor-drop-cap-view-framed .elementor-drop-cap{color:#818a91;border:3px solid;background-color:transparent}.elementor-widget-text-editor:not(.elementor-drop-cap-view-default) .elementor-drop-cap{margin-top:8px}.elementor-widget-text-editor:not(.elementor-drop-cap-view-default) .elementor-drop-cap-letter{width:1em;height:1em}.elementor-widget-text-editor .elementor-drop-cap{float:left;text-align:center;line-height:1;font-size:50px}.elementor-widget-text-editor .elementor-drop-cap-letter{display:inline-block}<\/style>\t\t\t\t<p>Bin\u00f4me immobilier a \u00e9t\u00e9 fond\u00e9 dans un but simple, celui de construire des programmes immobiliers \u00e9coresponsables et innovants.<\/p>\n<p>Bin\u00f4me est un promoteur immobilier qui d\u00e9veloppe des b\u00e2timents \u00e9l\u00e9gants con\u00e7us de fa\u00e7on bioclimatique avec des techniques et des mat\u00e9riaux de construction \u00e0 faible impact carbone.<\/p>\n<p>Bin\u00f4me op\u00e8re dans l&#8217;ensemble des Hauts-de-France.<\/p>\n<p><\/p>\t\t\t\t\t\t<\/div>\n\t\t\t\t<\/div>\n\t\t\t\t\t<\/div>\n\t\t<\/div>\n\t\t\t\t<div class=\"elementor-column elementor-col-50 elementor-top-column elementor-element elementor-element-3ed9bb8\" data-id=\"3ed9bb8\" data-element_type=\"column\">\n\t\t\t<div class=\"elementor-widget-wrap elementor-element-populated\">\n\t\t\t\t\t\t\t\t<div class=\"elementor-element elementor-element-84415dd elementor-widget elementor-widget-text-editor\" data-id=\"84415dd\" data-element_type=\"widget\" data-widget_type=\"text-editor.default\">\n\t\t\t\t<div class=\"elementor-widget-container\">\n\t\t\t\t\t\t\t<p><\/p>\n<p>Si\u00e8ge:&nbsp; 1 rue Pierre B\u00e9r\u00e8govoy 247B <br><\/p><p>62000 Arras<\/p>\n<p>T: 03 21 15 83 81<\/p>\n<p>M: &nbsp; contact@bin\u00f4me-immobilier.com<\/p>\t\t\t\t\t\t<\/div>\n\t\t\t\t<\/div>\n\t\t\t\t\t<\/div>\n\t\t<\/div>\n\t\t\t\t\t\t\t<\/div>\n\t\t<\/section>\n\t\t\t\t\t\t\t<\/div>\n\t\t","protected":false},"excerpt":{"rendered":"<p>Bin\u00f4me immobilier a \u00e9t\u00e9 fond\u00e9 dans un but simple, celui de construire des programmes immobiliers \u00e9coresponsables et innovants. Bin\u00f4me est un promoteur immobilier qui d\u00e9veloppe des b\u00e2timents \u00e9l\u00e9gants con\u00e7us de fa\u00e7on bioclimatique avec des techniques et des mat\u00e9riaux de construction \u00e0 faible impact carbone. Bin\u00f4me op\u00e8re dans l&#8217;ensemble des Hauts-de-France. Si\u00e8ge:&nbsp; 1 rue Pierre B\u00e9r\u00e8govoy &hellip;<\/p>\n<p class=\"read-more\"> <a class=\"\" href=\"https:\/\/binome-immobilier.com\/index.php\/contact\/\"> <span class=\"screen-reader-text\">Contact<\/span> Read More &raquo;<\/a><\/p>\n","protected":false},"author":1,"featured_media":0,"parent":0,"menu_order":0,"comment_status":"closed","ping_status":"closed","template":"elementor_header_footer","meta":{"site-sidebar-layout":"no-sidebar","site-content-layout":"page-builder","ast-main-header-display":"","ast-hfb-above-header-display":"","ast-hfb-below-header-display":"","ast-hfb-mobile-header-display":"","site-post-title":"disabled","ast-breadcrumbs-content":"","ast-featured-img":"disabled","footer-sml-layout":"","theme-transparent-header-meta":"","adv-header-id-meta":"","stick-header-meta":"","header-above-stick-meta":"","header-main-stick-meta":"","header-below-stick-meta":""},"_links":{"self":[{"href":"https:\/\/binome-immobilier.com\/index.php\/wp-json\/wp\/v2\/pages\/58"}],"collection":[{"href":"https:\/\/binome-immobilier.com\/index.php\/wp-json\/wp\/v2\/pages"}],"about":[{"href":"https:\/\/binome-immobilier.com\/index.php\/wp-json\/wp\/v2\/types\/page"}],"author":[{"embeddable":true,"href":"https:\/\/binome-immobilier.com\/index.php\/wp-json\/wp\/v2\/users\/1"}],"replies":[{"embeddable":true,"href":"https:\/\/binome-immobilier.com\/index.php\/wp-json\/wp\/v2\/comments?post=58"}],"version-history":[{"count":19,"href":"https:\/\/binome-immobilier.com\/index.php\/wp-json\/wp\/v2\/pages\/58\/revisions"}],"predecessor-version":[{"id":107,"href":"https:\/\/binome-immobilier.com\/index.php\/wp-json\/wp\/v2\/pages\/58\/revisions\/107"}],"wp:attachment":[{"href":"https:\/\/binome-immobilier.com\/index.php\/wp-json\/wp\/v2\/media?parent=58"}],"curies":[{"name":"wp","href":"https:\/\/api.w.org\/{rel}","templated":true}]}}